{"id":7,"date":"2022-03-07T08:33:04","date_gmt":"2022-03-07T08:33:04","guid":{"rendered":"https:\/\/storelocator.asmodee.com\/?page_id=7"},"modified":"2023-04-05T15:45:47","modified_gmt":"2023-04-05T15:45:47","slug":"storelocator","status":"publish","type":"page","link":"https:\/\/storelocator.asmodee.com\/ca\/","title":{"rendered":"Find a store near you \/ Trouvez un magasin pr\u00e8s de chez vous"},"content":{"rendered":"<style>\r\n\t#wpsl-stores .wpsl-store-thumb {height:45px !important; width:45px !important;}\r\n\t#wpsl-stores, #wpsl-direction-details, #wpsl-gmap {height:1228px !important;}\r\n\t#wpsl-gmap .wpsl-info-window {max-width:225px !important;}\r\n\t.wpsl-input label, #wpsl-radius label, #wpsl-category label {width:95px;}\r\n\t#wpsl-search-input ,#wpsl-category .wpsl-dropdown {width:179px;}\r\n<\/style>\r\n<div id=\"store-locator\" class=\"store-locator md:h-full\">\r\n\t<div class=\"flex flex-col md:flex-row md:h-full\">\r\n\t\t<div id=\"search-and-results\" class=\"search-and-results w-full md:w-[375px] h-full\">\r\n\t\t\t<div id=\"wpsl-wrap\" class=\"md:h-full mb-0 flex flex-col flex-nowrap justify-start\">\r\n\t\t\t\t<div class=\"wpsl-search mb-0 shrink-0\">\r\n\t\t\t\t\t<div id=\"wpsl-search-wrap\" class=\"\">\r\n\t\t\t\t\t\t<form autocomplete=\"off\">\r\n\t\t\t\t\t\t\t<div class=\"wpsl-input store-locator-search-top\">\r\n\t\t\t\t\t\t\t\t<div class=\"store-locator-inputs-wrapper\">\t\t\t\t\t\t\t\t\t<input id=\"wpsl-search-input\" type=\"text\" value=\"\" name=\"wpsl-search-input\" placeholder=\"Enter your address \/ Entrez votre adresse\" aria-required=\"false\" \/>\r\n\t\t\t\t\t\t\t\t\t<div class=\"wpsl-search-btn-wrap\"><input id=\"wpsl-search-btn\" type=\"submit\" value=\"Search\"><\/div>\r\n\t\t\t\t\t\t\t\t\t<div class=\"wpsl-icon-direction\"><svg width=\"24\" height=\"24\" viewBox=\"0 0 24 24\" fill=\"none\" xmlns=\"http:\/\/www.w3.org\/2000\/svg\"><path d=\"M12 22C6.477 22 2 17.523 2 12S6.477 2 12 2s10 4.477 10 10-4.477 10-10 10ZM2 12h4M18 12h4M12 6V2M12 22v-4\" stroke=\"#8796AB\" stroke-width=\"2\" stroke-linecap=\"round\" stroke-linejoin=\"round\"\/><\/svg><\/div>\t\t\t\t\t\t\t\t<\/div>\r\n\t\t\t\t\t\t\t<\/div>\r\n\t\t\t\t\t\t\t<h5 class=\"store-locator-title-filter\">Category filter \/ Filtre \u00e0 cat\u00e9gories<\/h5>\r\n\t\t\t\t\t\t<\/form>\r\n\t\t\t\t\t<\/div>\r\n\t\t\t\t<\/div>\r\n\t\t\t\t<div id=\"wpsl-result-list\" class=\"grow md:overflow-hidden !mr-0 !w-full\">\r\n\t\t\t\t\t<div id=\"wpsl-stores\" class=\"\" >\r\n\t\t\t\t\t\t<div id=\"wpsl-stores-count\" class=\"text-2xl text-neutral-900 font-semibold pb-5 px-5\"><span class=\"count-number\">0<\/span> <span class=\"count-title-singular\">Store<\/span><span class=\"count-title-plural hidden\">Stores<\/span><\/div>\r\n\t\t\t\t\t\t<ul><\/ul>\r\n\t\t\t\t\t<\/div>\r\n\t\t\t\t<\/div>\r\n\t\t\t<\/div>\r\n\t\t<\/div>\r\n\t\t<div id=\"wpsl-gmap\" class=\"didomi-gmap wpsl-gmap-canvas aspect-square md:aspect-auto !w-auto grow\">\r\n\t\t\t<div class=\"content-before-consent-map\">\r\n\t\t\t\t<p>\r\n\t\t\t\t\tGoogle Maps a \u00e9t\u00e9 bloqu\u00e9 en raison de vos pr\u00e9f\u00e9rences en mati\u00e8re de cookies.\r\n\t\t\t\t\t<br \/>\r\n\t\t\t\t\tVous devez nous donner votre consentement en cliquant <a href=\"javascript:window.setConsentStatusForVendor('c:googlemap-fcxn8FYM')\" title=\"ici\">ici<\/a>.\r\n\t\t\t\t<\/p>\r\n\t\t\t\t<p class=\"privacy\">Pour en savoir plus sur les cookies que nous utilisons, vous pouvez consulter notre <a href=\"\/ca\/cookie-policy-politique-cookies\/\" title=\"politique relative aux cookies\">politique relative aux cookies<\/a>.<\/p>\r\n\t\t\t<\/div>\r\n\t\t<\/div>\r\n\t<\/div>\r\n\t<div class=\"store-card-sorry-wrapper show-mobile\">\r\n\t\t<div class=\"store-card-sorry-container\">\r\n\t\t\t<article class=\"store-card store-card--sorry\">\r\n\t\t\t\t<h3 class=\"store-card__title\">We are sorry your favorite store is not a member of the program.<\/h3>\r\n\t\t\t\t<p class=\"store-card__description\">Please help us to list it. We will then contact them to see if they are eligible for the Store Locator program. It's up to you to fill out the form below.<\/p>\r\n\t\t\t\t<a href=\"#\" class=\"store-card__link\">List your Hobby Store<\/a>\r\n\t\t\t<\/article>\r\n\t\t<\/div>\r\n\t<\/div>\r\n<\/div>\r\n\n\n\n\n<p><\/p>\n\n\n\n<p><\/p>\n","protected":false},"excerpt":{"rendered":"","protected":false},"author":1,"featured_media":0,"parent":0,"menu_order":0,"comment_status":"closed","ping_status":"closed","template":"template-store.php","meta":{"_acf_changed":false,"footnotes":""},"class_list":["post-7","page","type-page","status-publish","hentry"],"acf":[],"yoast_head":"<!-- This site is optimized with the Yoast SEO plugin v27.0 - https:\/\/yoast.com\/product\/yoast-seo-wordpress\/ -->\n<title>Find a store near you \/ Trouvez un magasin pr\u00e8s de chez vous - Asmodee Store Locator Ca<\/title>\n<meta name=\"robots\" content=\"index, follow, max-snippet:-1, max-image-preview:large, max-video-preview:-1\" \/>\n<link rel=\"canonical\" href=\"https:\/\/storelocator.asmodee.com\/ca\/\" \/>\n<meta property=\"og:locale\" content=\"fr_CA\" \/>\n<meta property=\"og:type\" content=\"article\" \/>\n<meta property=\"og:title\" content=\"Find a store near you \/ Trouvez un magasin pr\u00e8s de chez vous - Asmodee Store Locator Ca\" \/>\n<meta property=\"og:url\" content=\"https:\/\/storelocator.asmodee.com\/ca\/\" \/>\n<meta property=\"og:site_name\" content=\"Asmodee Store Locator Ca\" \/>\n<meta property=\"article:modified_time\" content=\"2023-04-05T15:45:47+00:00\" \/>\n<meta name=\"twitter:card\" content=\"summary_large_image\" \/>\n<meta name=\"twitter:label1\" content=\"Est. reading time\" \/>\n\t<meta name=\"twitter:data1\" content=\"1 minute\" \/>\n<script type=\"application\/ld+json\" class=\"yoast-schema-graph\">{\"@context\":\"https:\/\/schema.org\",\"@graph\":[{\"@type\":\"WebPage\",\"@id\":\"https:\/\/storelocator.asmodee.com\/ca\/\",\"url\":\"https:\/\/storelocator.asmodee.com\/ca\/\",\"name\":\"Find a store near you \/ Trouvez un magasin pr\u00e8s de chez vous - Asmodee Store Locator Ca\",\"isPartOf\":{\"@id\":\"https:\/\/storelocator.asmodee.com\/ca\/#website\"},\"datePublished\":\"2022-03-07T08:33:04+00:00\",\"dateModified\":\"2023-04-05T15:45:47+00:00\",\"breadcrumb\":{\"@id\":\"https:\/\/storelocator.asmodee.com\/ca\/#breadcrumb\"},\"inLanguage\":\"fr-CA\",\"potentialAction\":[{\"@type\":\"ReadAction\",\"target\":[\"https:\/\/storelocator.asmodee.com\/ca\/\"]}]},{\"@type\":\"BreadcrumbList\",\"@id\":\"https:\/\/storelocator.asmodee.com\/ca\/#breadcrumb\",\"itemListElement\":[{\"@type\":\"ListItem\",\"position\":1,\"name\":\"Home\",\"item\":\"https:\/\/storelocator.asmodee.com\/ca\/\"},{\"@type\":\"ListItem\",\"position\":2,\"name\":\"Find a store near you \/ Trouvez un magasin pr\u00e8s de chez vous\"}]},{\"@type\":\"WebSite\",\"@id\":\"https:\/\/storelocator.asmodee.com\/ca\/#website\",\"url\":\"https:\/\/storelocator.asmodee.com\/ca\/\",\"name\":\"Asmodee Store Locator Ca\",\"description\":\"Just another WordPress site\",\"potentialAction\":[{\"@type\":\"SearchAction\",\"target\":{\"@type\":\"EntryPoint\",\"urlTemplate\":\"https:\/\/storelocator.asmodee.com\/ca\/?s={search_term_string}\"},\"query-input\":{\"@type\":\"PropertyValueSpecification\",\"valueRequired\":true,\"valueName\":\"search_term_string\"}}],\"inLanguage\":\"fr-CA\"}]}<\/script>\n<!-- \/ Yoast SEO plugin. -->","yoast_head_json":{"title":"Find a store near you \/ Trouvez un magasin pr\u00e8s de chez vous - Asmodee Store Locator Ca","robots":{"index":"index","follow":"follow","max-snippet":"max-snippet:-1","max-image-preview":"max-image-preview:large","max-video-preview":"max-video-preview:-1"},"canonical":"https:\/\/storelocator.asmodee.com\/ca\/","og_locale":"fr_CA","og_type":"article","og_title":"Find a store near you \/ Trouvez un magasin pr\u00e8s de chez vous - Asmodee Store Locator Ca","og_url":"https:\/\/storelocator.asmodee.com\/ca\/","og_site_name":"Asmodee Store Locator Ca","article_modified_time":"2023-04-05T15:45:47+00:00","twitter_card":"summary_large_image","twitter_misc":{"Est. reading time":"1 minute"},"schema":{"@context":"https:\/\/schema.org","@graph":[{"@type":"WebPage","@id":"https:\/\/storelocator.asmodee.com\/ca\/","url":"https:\/\/storelocator.asmodee.com\/ca\/","name":"Find a store near you \/ Trouvez un magasin pr\u00e8s de chez vous - Asmodee Store Locator Ca","isPartOf":{"@id":"https:\/\/storelocator.asmodee.com\/ca\/#website"},"datePublished":"2022-03-07T08:33:04+00:00","dateModified":"2023-04-05T15:45:47+00:00","breadcrumb":{"@id":"https:\/\/storelocator.asmodee.com\/ca\/#breadcrumb"},"inLanguage":"fr-CA","potentialAction":[{"@type":"ReadAction","target":["https:\/\/storelocator.asmodee.com\/ca\/"]}]},{"@type":"BreadcrumbList","@id":"https:\/\/storelocator.asmodee.com\/ca\/#breadcrumb","itemListElement":[{"@type":"ListItem","position":1,"name":"Home","item":"https:\/\/storelocator.asmodee.com\/ca\/"},{"@type":"ListItem","position":2,"name":"Find a store near you \/ Trouvez un magasin pr\u00e8s de chez vous"}]},{"@type":"WebSite","@id":"https:\/\/storelocator.asmodee.com\/ca\/#website","url":"https:\/\/storelocator.asmodee.com\/ca\/","name":"Asmodee Store Locator Ca","description":"Just another WordPress site","potentialAction":[{"@type":"SearchAction","target":{"@type":"EntryPoint","urlTemplate":"https:\/\/storelocator.asmodee.com\/ca\/?s={search_term_string}"},"query-input":{"@type":"PropertyValueSpecification","valueRequired":true,"valueName":"search_term_string"}}],"inLanguage":"fr-CA"}]}},"_links":{"self":[{"href":"https:\/\/storelocator.asmodee.com\/ca\/wp-json\/wp\/v2\/pages\/7","targetHints":{"allow":["GET"]}}],"collection":[{"href":"https:\/\/storelocator.asmodee.com\/ca\/wp-json\/wp\/v2\/pages"}],"about":[{"href":"https:\/\/storelocator.asmodee.com\/ca\/wp-json\/wp\/v2\/types\/page"}],"author":[{"embeddable":true,"href":"https:\/\/storelocator.asmodee.com\/ca\/wp-json\/wp\/v2\/users\/1"}],"replies":[{"embeddable":true,"href":"https:\/\/storelocator.asmodee.com\/ca\/wp-json\/wp\/v2\/comments?post=7"}],"version-history":[{"count":5,"href":"https:\/\/storelocator.asmodee.com\/ca\/wp-json\/wp\/v2\/pages\/7\/revisions"}],"predecessor-version":[{"id":14746,"href":"https:\/\/storelocator.asmodee.com\/ca\/wp-json\/wp\/v2\/pages\/7\/revisions\/14746"}],"wp:attachment":[{"href":"https:\/\/storelocator.asmodee.com\/ca\/wp-json\/wp\/v2\/media?parent=7"}],"curies":[{"name":"wp","href":"https:\/\/api.w.org\/{rel}","templated":true}]}}