{"id":13107,"date":"2025-02-05T14:37:38","date_gmt":"2025-02-05T14:37:38","guid":{"rendered":"https:\/\/storelocator.asmodee.com\/?page_id=13107"},"modified":"2025-02-05T14:37:55","modified_gmt":"2025-02-05T14:37:55","slug":"cookie-policy","status":"publish","type":"page","link":"https:\/\/storelocator.asmodee.com\/de\/cookie-policy\/","title":{"rendered":"Richtlinien zur Verwendung von Cookies und anderen Trackern"},"content":{"rendered":"\n<p><\/p>\n\n\n\n<p>Financiere Amuse Bidco, Herausgeber der Website https:\/\/storelocator.asmodee.com\/de\/ (im Folgenden Asmodee), verarbeitet Ihre pers\u00f6nlichen Daten als Verantwortlicher f\u00fcr die Datenverarbeitung w\u00e4hrend Ihres Besuchs auf der Website.<\/p>\n\n\n\n<p>Die vorliegende Cookie-Richtlinie informiert sowohl \u00fcber die Funktionsweise der Cookies als auch \u00fcber den rechtlichen Rahmen, in dem diese durch Asmodee verwendet werden. Sie erg\u00e4nzt die <a href=\"https:\/\/storelocator.asmodee.com\/de\/privacy-policy\">privacy policy<\/a>.<\/p>\n\n\n\n<h3 class=\"wp-block-heading\">WAS IST EIN COOKIE?<\/h3>\n\n\n\n<p>Ein Cookie ist eine kleine Text-, Bild- oder Softwaredatei, die auf Ihrem Computer, Tablet oder Mobiltelefon hinterlegt und gespeichert wird, wenn Sie die Website nutzen.<\/p>\n\n\n\n<p>Der Einfachheit halber bezieht sich der Begriff Cookies hier auf alle Formen von Trackern, die \u00fcber Ihr Endger\u00e4t Informationen \u00fcber Ihre Navigation sammeln k\u00f6nnen (Tags, Tracker, Http-Cookies usw.).<\/p>\n\n\n\n<p>Wenn Sie die Website <a href=\"https:\/\/event.hobbynext.com\" target=\"_blank\" rel=\"noreferrer noopener\">https:\/\/storelocator.asmodee.com\/de\/<\/a> weiterhin nutzen, best\u00e4tigen Sie, dass Sie die Bedingungen unserer Cookie-Richtlinie verstanden haben.<br>Im Abschnitt \u201eCookie-Einstellungen verwalten\u201c k\u00f6nnen Sie Ihre Einstellungen jederzeit \u00e4ndern.<\/p>\n\n\n\n<p>Wir verwenden zwei Arten von Cookies auf unseren Websites:<\/p>\n\n\n\n<ul class=\"wp-block-list\">\n<li>&nbsp;Sitzungscookies&nbsp;\u2013 sie sind tempor\u00e4r und verbleiben w\u00e4hrend Ihres Besuchs auf unserer Website in Ihrem Browser, und<\/li>\n\n\n\n<li>St\u00e4ndige Cookies&nbsp;\u2013 sie verbleiben f\u00fcr einen l\u00e4ngeren Zeitraum in Ihrem Browser.<\/li>\n<\/ul>\n\n\n\n<p><strong>IST IHRE ZUSTIMMUNG ERFORDERLICH?<\/strong><strong><\/strong><\/p>\n\n\n\n<p>Vor der Hinterlegung oder dem Lesen eines Cookies, das:<\/p>\n\n\n\n<ul class=\"wp-block-list\">\n<li>nicht erforderlich ist, um eine von Ihnen angeforderte Dienstleistung zu erbringen;<\/li>\n<\/ul>\n\n\n\n<p>oder<\/p>\n\n\n\n<ul class=\"wp-block-list\">\n<li>nicht die elektronische Kommunikation erm\u00f6glicht\/erleichtert,<\/li>\n<\/ul>\n\n\n\n<p>m\u00fcssen Website-Herausgeber:<\/p>\n\n\n\n<ul class=\"wp-block-list\">\n<li>Den Nutzer \u00fcber den Zweck von Cookies informieren<\/li>\n\n\n\n<li>Die Zustimmung des Nutzers einholen<\/li>\n\n\n\n<li>Dem Nutzer die M\u00f6glichkeit bieten, diese Zustimmung zu widerrufen<\/li>\n<\/ul>\n\n\n\n<p>Die G\u00fcltigkeitsdauer dieser Zustimmung betr\u00e4gt dreizehn (13) Monate.<\/p>\n\n\n\n<p><strong>WARUM VERWENDET ASMODEE COOKIES?<\/strong><strong><\/strong><\/p>\n\n\n\n<p>Asmodee verwendet Cookies f\u00fcr verschiedene Zwecke, z.&nbsp;B. damit der Nutzer leicht von Seite zu Seite navigieren kann, um Nutzereinstellungen anzuwenden und das Surferlebnis insgesamt zu verbessern. Cookies erm\u00f6glichen es, die Website an das Surfverhalten des Nutzers anzupassen, und bieten Ihnen die M\u00f6glichkeit, auf soziale Netzwerke zuzugreifen.Cookies helfen Asmodee auch, sicherzustellen, dass dem Nutzer online Werbung angezeigt wird, die f\u00fcr ihn und seine Interessen am relevantesten ist.<\/p>\n\n\n\n<p>Um mehr \u00fcber unsere Zwecke oder unsere Dienstleister zu erfahren, k\u00f6nnen Sie am Ende jeder Seite auf &#8218;Cookies&#8216; klicken.<\/p>\n\n\n\n<p><strong>WELCHE ARTEN VON COOKIES VERWENDET ASMODEE? <\/strong><strong><\/strong><\/p>\n\n\n\n<p>Diese Website ist auf Ihre Bed\u00fcrfnisse zugeschnitten. Aus diesem Grund verwendet ASMODEE Cookies, um Ihren Besuch auf der Website zu optimieren.<\/p>\n\n\n\n<p>Die von ASMODEE verwendeten Cookies fallen in die folgenden Kategorien:<\/p>\n\n\n\n<p><strong>Technische Cookies<\/strong> (zustimmungspflichtig): Diese Cookies werden hinterlegt, um Ihnen die Navigation zwischen den Seiten zu erleichtern, die Sicherheit unserer Website zu gew\u00e4hrleisten, Ihnen aber auch die Nutzung bestimmter Funktionen unserer Website und\/oder unserer Dienste zu erm\u00f6glichen (Kontoerstellung, Identifizierung&nbsp;&#8230;). Sie laufen automatisch ab, wenn Sie die Seite verlassen.<\/p>\n\n\n\n<p><strong>Funktionale Cookies<\/strong> (nicht zustimmungspflichtig): Diese Cookies sind f\u00fcr Ihre Navigation zwingend erforderlich, um Ihnen eine optimale und an Ihre pers\u00f6nlichen Pr\u00e4ferenzen angepasste Benutzererfahrung zu bieten (Erkennung von Navigationsproblemen, Verbesserung der Ergonomie, (z.&nbsp;B. Speicherung Ihrer Produktauswahl im Warenkorb).<\/p>\n\n\n\n<p><strong>Cookies zur Besuchermessung<\/strong> (zustimmungspflichtig): Diese Cookies unterliegen einer zus\u00e4tzlichen Konfiguration im Vergleich zu Cookies zur Besuchermessung, f\u00fcr die keine Zustimmung erforderlich ist. Aus diesem Grund werden sie nur dann hinterlegt, wenn Sie Ihre Zustimmung geben. Sie erm\u00f6glichen es uns, anonymisierte Statistiken zur genaueren Verfolgung der Navigation \u00fcber die verschiedenen von Ihnen verwendeten Endger\u00e4te hinweg zu erstellen.&nbsp;<\/p>\n\n\n\n<p><strong>Z\u00e4hlpixel in Newslettern: <\/strong>Wir verwenden in unseren Marketing-E-Mails <strong>Z\u00e4hlpixel <\/strong>(auch als Web-Beacons bezeichnet). Mit diesen kleinen transparenten Bildern k\u00f6nnen wir feststellen, ob und wann Sie eine E-Mail ge\u00f6ffnet haben und auf welche Links Sie geklickt haben.<\/p>\n\n\n\n<p><strong>WELCHE INFORMATIONEN WERDEN GESAMMELT? <\/strong><strong><\/strong><\/p>\n\n\n\n<p>Wenn Sie eine Website besuchen, kann diese Website unter Verwendung Ihres Browsers Informationen speichern oder abrufen. Diese Informationen identifizieren Sie nicht direkt. Dies erm\u00f6glicht es, Informationen \u00fcber die Navigation Ihres Endger\u00e4ts auf der Website zu speichern, die ASMODEE bei sp\u00e4teren Besuchen auf der Website abrufen kann, um Ihr Interneterlebnis zu personalisieren.<\/p>\n\n\n\n<p>Z\u00e4hlpixel k\u00f6nnen unter anderem folgende Informationen sammeln:<\/p>\n\n\n\n<ul class=\"wp-block-list\">\n<li>Das Datum und die Uhrzeit, zu der die E-Mail ge\u00f6ffnet wurde<\/li>\n\n\n\n<li>Ihre IP-Adresse<\/li>\n\n\n\n<li>Ihren Ger\u00e4tetyp und Ihr Betriebssystem<\/li>\n\n\n\n<li>Die Links, auf die Sie in der E-Mail geklickt haben<\/li>\n<\/ul>\n\n\n\n<p>Diese Daten helfen uns, die Wirksamkeit unserer E-Mail-Kampagnen zu messen und unsere Kommunikation zu verbessern.<\/p>\n\n\n\n<p><strong>WIE LANGE WERDEN COOKIES GESPEICHERT?<\/strong><strong><\/strong><\/p>\n\n\n\n<p>Cookies werden entweder f\u00fcr die Dauer des Besuchs auf der Website oder f\u00fcr einen Zeitraum von dreizehn (13) Monaten nach der ersten Hinterlegung auf Ihrem Endger\u00e4t gespeichert.<\/p>\n\n\n\n<p>Nach Ablauf der Aufbewahrungsfrist werden die pers\u00f6nlichen Daten, die mithilfe von Cookies gesammelt wurden, gel\u00f6scht.<\/p>\n\n\n\n<h3 class=\"wp-block-heading\">&nbsp;<\/h3>\n\n\n\n<h3 class=\"wp-block-heading\">WIE KANN ICH DIE COOKIES, DIE VON UNSERER WEBSITE AUF MEINEM ENDGER\u00c4T HINTERLEGT WERDEN, VERWALTEN?<\/h3>\n\n\n\n<p>Abgesehen von technisch zwingend notwendigen Cookies k\u00f6nnen Sie frei entscheiden, ob Cookies auf Ihrem Endger\u00e4t gespeichert werden. Sie k\u00f6nnen Ihre Einstellungen jederzeit kostenlos durch die verschiedenen verf\u00fcgbaren Optionen festlegen und \u00e4ndern.<\/p>\n\n\n\n<p>\u00dcber die Einstellungen Ihres Browsers k\u00f6nnen Sie Cookies ganz einfach deaktivieren und\/oder von Ihrem Computer, Tablet oder Mobiltelefon l\u00f6schen.<br><br><\/p>\n\n\n\n<p>Den Nutzern stehen mehrere M\u00f6glichkeiten zur Verf\u00fcgung, um Cookies abzulehnen:<\/p>\n\n\n\n<ul class=\"wp-block-list\">\n<li><strong>Einstellung von Cookies durch den Internetbrowser<\/strong><strong><\/strong><\/li>\n<\/ul>\n\n\n\n<p>Der Nutzer kann seinen Internetbrowser so konfigurieren, dass HTTP-Cookies auf seinem Endger\u00e4t gespeichert oder systematisch oder je nach Absender abgelehnt werden.<\/p>\n\n\n\n<p>Der Nutzer kann seinen Internetbrowser auch so einstellen, dass er punktuell entscheiden kann, ob er Cookies akzeptiert oder ablehnt, bevor sie auf seinem Endger\u00e4t gespeichert werden.<\/p>\n\n\n\n<p>Cookies und die zugeh\u00f6rigen Optionen werden je nach Browser unterschiedlich konfiguriert und verwaltet. Die Cookie-Verwaltung wird im Hilfemen\u00fc des Browsers des Nutzers beschrieben. Dort erf\u00e4hrt er, wie er seine Cookie-Pr\u00e4ferenzen \u00e4ndern kann:<\/p>\n\n\n\n<ul class=\"wp-block-list\">\n<li>F\u00fcr Microsoft Internet Explorer (Windows Internet Explorer, Windows 10, Windows 8.1,Windows 7): <a href=\"http:\/\/windows.microsoft.com\/fr-FR\/windows-vista\/Block-or-allow-cookies\">http:\/\/windows.microsoft.com\/fr-FR\/windows-vista\/Block-or-allow-cookies<\/a><\/li>\n\n\n\n<li>F\u00fcr Google Chrome: <a href=\"https:\/\/support.google.com\/chrome\/answer\/95647?co=GENIE.Platform%3DDesktop&amp;amp;amp;hl=de\">https:\/\/support.google.com\/chrome\/answer\/95647?co=GENIE.Platform%3DDesktop&amp;hl=de<\/a><\/li>\n\n\n\n<li>F\u00fcr Safari: <a href=\"https:\/\/support.apple.com\/kb\/PH21411?locale=fr_FR&amp;amp;amp;viewlocale=de_DE\">https:\/\/support.apple.com\/kb\/PH21411?locale=fr_FR&amp;viewlocale=de_DE<\/a><\/li>\n\n\n\n<li>F\u00fcr Safari iPhone \/ iPad: <a href=\"https:\/\/support.apple.com\/de-de\/105082\">https:\/\/support.apple.com\/de-de\/105082<\/a><\/li>\n\n\n\n<li>F\u00fcr Firefox: <a href=\"https:\/\/support.mozilla.org\/de\/kb\/drittanbieter-cookies-schutz-aktivitatenverfolgung\">https:\/\/support.mozilla.org\/de\/kb\/drittanbieter-cookies-schutz-aktivitatenverfolgung<\/a><\/li>\n<\/ul>\n\n\n\n<ul class=\"wp-block-list\">\n<li><strong>Die Tipps der CNIL<\/strong><strong><\/strong><\/li>\n<\/ul>\n\n\n\n<p>Auf der Website der franz\u00f6sischen Datenschutzbeh\u00f6rde CNIL (Commission nationale Informatique et Libert\u00e9s) finden Sie Tipps, wie Sie die Verfolgung Ihres Webbrowsers einschr\u00e4nken k\u00f6nnen:<\/p>\n\n\n\n<ul class=\"wp-block-list\">\n<li>Cookies von Dritten blockieren. Cookies von Dritten sind normalerweise nicht notwendig, um die verf\u00fcgbaren Ressourcen im Internet zu nutzen. Wenn Sie Ihre Spuren einschr\u00e4nken m\u00f6chten, empfiehlt es sich, sie standardm\u00e4\u00dfig abzulehnen.<\/li>\n\n\n\n<li>Verhindern, dass die am weitesten verbreiteten Tracker installiert werden. Es gibt zahlreiche Erweiterungen, um die unterschiedlichen Tracker zu blockieren. Zum Beispiel f\u00fcr den Chrome-Browser, DoNotTrackMe, Disconnect, Ghostery&nbsp;\u2026<\/li>\n\n\n\n<li>Schaltfl\u00e4chen zum Teilen in sozialen Netzwerken blockieren.<\/li>\n\n\n\n<li>Tracking in Adobe Flash einschr\u00e4nken. Es wird empfohlen, diese Einstellungen \u00fcber den online zug\u00e4nglichen Einstellungsmanager zu \u00e4ndern. Die Flash-Website bietet zwar eine Deaktivierung an, um die Speicherung auf Computern zu verhindern, diese funktioniert jedoch nicht zu 100&nbsp;%.&nbsp;LSO-Cookies (Flash) werden bei der L\u00f6schung von \u201eherk\u00f6mmlichen\u201c Cookies \u00fcber den Webbrowser nicht gel\u00f6scht. Anstatt die LSO-Cookies manuell zu l\u00f6schen, k\u00f6nnen Sie eine Erweiterung f\u00fcr Ihren Browser herunterladen, um die Cookies jedes Mal zu l\u00f6schen, wenn Sie Ihren Browser schlie\u00dfen. Zum Beispiel Betterprivacy f\u00fcr Firefox.<\/li>\n\n\n\n<li><strong>\u201eDo not track\u201c-Funktion<\/strong><strong><\/strong><\/li>\n<\/ul>\n\n\n\n<p>Sie k\u00f6nnen Ihren Browser auch so einstellen, dass er den Websites meldet, dass Sie nicht verfolgt werden m\u00f6chten (sog. \u201eDo not track\u201c-Funktion).<\/p>\n\n\n\n<ul class=\"wp-block-list\">\n<li>Google Chrome<br><a href=\"https:\/\/support.google.com\/chrome\/answer\/114836\">https:\/\/support.google.com\/chrome\/answer\/114836<\/a><\/li>\n\n\n\n<li>Mozilla Firefox<br><a href=\"https:\/\/support.mozilla.org\/de\/kb\/wie-verhindere-ich-dass-websites-mich-verfolgen\">https:\/\/support.mozilla.org\/de\/kb\/wie-verhindere-ich-dass-websites-mich-verfolgen<\/a><\/li>\n\n\n\n<li>Microsoft Internet Explorer<br><a href=\"http:\/\/windows.microsoft.com\/fr-fr\/internet-explorer\/use-tracking-protection#ie=ie-11\">http:\/\/windows.microsoft.com\/fr-fr\/internet-explorer\/use-tracking-protection#ie = ie-11<\/a><\/li>\n\n\n\n<li>Microsoft Edge<br><a href=\"https:\/\/support.microsoft.com\/de-de\/windows\/microsoft-edge-browserdaten-und-datenschutz\">https:\/\/support.microsoft.com\/de-de\/windows\/microsoft-edge-browserdaten-und-datenschutz<\/a><\/li>\n\n\n\n<li>Apple Safari<br><a href=\"http:\/\/support.apple.com\/kb\/PH11952\">http:\/\/support.apple.com\/kb\/PH11952<\/a><\/li>\n\n\n\n<li>Mozilla Firefox<br><a href=\"https:\/\/support.mozilla.org\/de\/kb\/wie-verhindere-ich-dass-websites-mich-verfolgen\">https:\/\/support.mozilla.org\/de\/kb\/wie-verhindere-ich-dass-websites-mich-verfolgen<\/a><\/li>\n<\/ul>\n\n\n\n<p>Schlie\u00dflich k\u00f6nnen Sie die Website Youronlinechoices besuchen. Sie wird von den Fachleuten f\u00fcr digitale Werbung angeboten, die im europ\u00e4ischen Verband EDAA (European Digital Advertising Alliance) zusammengeschlossen sind, und in Frankreich vom Interactive Advertising Bureau France verwaltet.<\/p>\n\n\n\n<p>So k\u00f6nnen Sie erfahren, welche Unternehmen bei dieser Plattform registriert sind und Ihnen die M\u00f6glichkeit bieten, die verwendeten Cookies abzulehnen oder zu akzeptieren, um die Werbung, die auf Ihrem Endger\u00e4t angezeigt wird, an Ihre Navigationsinformationen anzupassen: <a href=\"http:\/\/www.youronlinechoices.com\/fr\/controler-ses-cookies\/\">http:\/\/www.youronlinechoices.com\/fr\/controler-ses-cookies\/<\/a>.<\/p>\n\n\n\n<p>Diese europ\u00e4ische Plattform wird von Hunderten von Fachleuten f\u00fcr Internetwerbung gemeinsam genutzt und stellt eine zentrale Schnittstelle dar. Sie erm\u00f6glicht es Ihnen, Cookies, die verwendet werden k\u00f6nnen, um die Werbung auf Ihrem Endger\u00e4t an Ihre Navigation anzupassen, abzulehnen oder zu akzeptieren. Beachten Sie, dass dies nicht verhindert, dass Ihnen auf den besuchten Websites Werbung angezeigt wird. Es blockiert nur die Technologien, die verwendet werden, um Werbung an Ihre Interessen anzupassen.<\/p>\n\n\n\n<h4 class=\"wp-block-heading\">&nbsp;<\/h4>\n\n\n\n<p><strong>SO K\u00d6NNEN SIE UNS KONTAKTIEREN<\/strong><strong><\/strong><\/p>\n\n\n\n<p><br>Bei Fragen zu unseren Datenschutzpraktiken und dazu, wie wir Ihre Daten verarbeiten, k\u00f6nnen Sie sich an unser Privacy-Team und den Datenschutzbeauftragten wenden. Senden Sie dazu eine E-Mail an folgende Adresse:<\/p>\n\n\n\n<p><a href=\"mailto:DPO@asmodee.com\">DPO@asmodee.com<\/a><\/p>\n\n\n\n<p>Oder schicken Sie einen Brief an:<\/p>\n\n\n\n<p>D\u00e9l\u00e9gu\u00e9 \u00e0 la protection des donn\u00e9es<\/p>\n\n\n\n<p>Financi\u00e8re Amuse Bidco<\/p>\n\n\n\n<p>18 rue Jacqueline Auriol<\/p>\n\n\n\n<p>78280 Guyancourt<\/p>\n\n\n\n<p><strong>WEITERF\u00dcHRENDE INFORMATIONEN<\/strong><strong><\/strong><\/p>\n\n\n\n<p><br>Wenn Sie mehr dar\u00fcber erfahren m\u00f6chten, wie wir Ihre pers\u00f6nlichen Daten verarbeiten, lesen Sie unsere Datenschutzrichtlinie<em>.<\/em><\/p>\n\n\n\n<p><strong>Letzte Aktualisierung:\u00a05. Februar 2025<\/strong><\/p>\n","protected":false},"excerpt":{"rendered":"<p>Financiere Amuse Bidco, Herausgeber der Website https:\/\/storelocator.asmodee.com\/de\/ (im Folgenden Asmodee), verarbeitet Ihre pers\u00f6nlichen Daten als Verantwortlicher f\u00fcr die Datenverarbeitung w\u00e4hrend Ihres Besuchs auf der Website. Die vorliegende Cookie-Richtlinie informiert sowohl \u00fcber die Funktionsweise der Cookies als auch \u00fcber den rechtlichen Rahmen, in dem diese durch Asmodee verwendet werden. Sie erg\u00e4nzt die privacy policy. WAS IST [&hellip;]<\/p>\n","protected":false},"author":1,"featured_media":0,"parent":0,"menu_order":0,"comment_status":"closed","ping_status":"closed","template":"","meta":{"_acf_changed":false,"footnotes":""},"class_list":["post-13107","page","type-page","status-publish","hentry"],"acf":[],"yoast_head":"<!-- This site is optimized with the Yoast SEO plugin v27.0 - https:\/\/yoast.com\/product\/yoast-seo-wordpress\/ -->\n<title>Richtlinien zur Verwendung von Cookies und anderen Trackern - Asmodee Store Locator De<\/title>\n<meta name=\"robots\" content=\"index, follow, max-snippet:-1, max-image-preview:large, max-video-preview:-1\" \/>\n<link rel=\"canonical\" href=\"https:\/\/storelocator.asmodee.com\/de\/cookie-policy\/\" \/>\n<meta property=\"og:locale\" content=\"de_DE\" \/>\n<meta property=\"og:type\" content=\"article\" \/>\n<meta property=\"og:title\" content=\"Richtlinien zur Verwendung von Cookies und anderen Trackern - Asmodee Store Locator De\" \/>\n<meta property=\"og:description\" content=\"Financiere Amuse Bidco, Herausgeber der Website https:\/\/storelocator.asmodee.com\/de\/ (im Folgenden Asmodee), verarbeitet Ihre pers\u00f6nlichen Daten als Verantwortlicher f\u00fcr die Datenverarbeitung w\u00e4hrend Ihres Besuchs auf der Website. Die vorliegende Cookie-Richtlinie informiert sowohl \u00fcber die Funktionsweise der Cookies als auch \u00fcber den rechtlichen Rahmen, in dem diese durch Asmodee verwendet werden. Sie erg\u00e4nzt die privacy policy. WAS IST [&hellip;]\" \/>\n<meta property=\"og:url\" content=\"https:\/\/storelocator.asmodee.com\/de\/cookie-policy\/\" \/>\n<meta property=\"og:site_name\" content=\"Asmodee Store Locator De\" \/>\n<meta property=\"article:modified_time\" content=\"2025-02-05T14:37:55+00:00\" \/>\n<meta name=\"twitter:card\" content=\"summary_large_image\" \/>\n<meta name=\"twitter:label1\" content=\"Est. reading time\" \/>\n\t<meta name=\"twitter:data1\" content=\"7\u00a0Minuten\" \/>\n<script type=\"application\/ld+json\" class=\"yoast-schema-graph\">{\"@context\":\"https:\/\/schema.org\",\"@graph\":[{\"@type\":\"WebPage\",\"@id\":\"https:\/\/storelocator.asmodee.com\/de\/cookie-policy\/\",\"url\":\"https:\/\/storelocator.asmodee.com\/de\/cookie-policy\/\",\"name\":\"Richtlinien zur Verwendung von Cookies und anderen Trackern - Asmodee Store Locator De\",\"isPartOf\":{\"@id\":\"https:\/\/storelocator.asmodee.com\/de\/#website\"},\"datePublished\":\"2025-02-05T14:37:38+00:00\",\"dateModified\":\"2025-02-05T14:37:55+00:00\",\"breadcrumb\":{\"@id\":\"https:\/\/storelocator.asmodee.com\/de\/cookie-policy\/#breadcrumb\"},\"inLanguage\":\"de\",\"potentialAction\":[{\"@type\":\"ReadAction\",\"target\":[\"https:\/\/storelocator.asmodee.com\/de\/cookie-policy\/\"]}]},{\"@type\":\"BreadcrumbList\",\"@id\":\"https:\/\/storelocator.asmodee.com\/de\/cookie-policy\/#breadcrumb\",\"itemListElement\":[{\"@type\":\"ListItem\",\"position\":1,\"name\":\"Home\",\"item\":\"https:\/\/storelocator.asmodee.com\/de\/\"},{\"@type\":\"ListItem\",\"position\":2,\"name\":\"Richtlinien zur Verwendung von Cookies und anderen Trackern\"}]},{\"@type\":\"WebSite\",\"@id\":\"https:\/\/storelocator.asmodee.com\/de\/#website\",\"url\":\"https:\/\/storelocator.asmodee.com\/de\/\",\"name\":\"Asmodee Store Locator De\",\"description\":\"Just another WordPress site\",\"potentialAction\":[{\"@type\":\"SearchAction\",\"target\":{\"@type\":\"EntryPoint\",\"urlTemplate\":\"https:\/\/storelocator.asmodee.com\/de\/?s={search_term_string}\"},\"query-input\":{\"@type\":\"PropertyValueSpecification\",\"valueRequired\":true,\"valueName\":\"search_term_string\"}}],\"inLanguage\":\"de\"}]}<\/script>\n<!-- \/ Yoast SEO plugin. -->","yoast_head_json":{"title":"Richtlinien zur Verwendung von Cookies und anderen Trackern - Asmodee Store Locator De","robots":{"index":"index","follow":"follow","max-snippet":"max-snippet:-1","max-image-preview":"max-image-preview:large","max-video-preview":"max-video-preview:-1"},"canonical":"https:\/\/storelocator.asmodee.com\/de\/cookie-policy\/","og_locale":"de_DE","og_type":"article","og_title":"Richtlinien zur Verwendung von Cookies und anderen Trackern - Asmodee Store Locator De","og_description":"Financiere Amuse Bidco, Herausgeber der Website https:\/\/storelocator.asmodee.com\/de\/ (im Folgenden Asmodee), verarbeitet Ihre pers\u00f6nlichen Daten als Verantwortlicher f\u00fcr die Datenverarbeitung w\u00e4hrend Ihres Besuchs auf der Website. Die vorliegende Cookie-Richtlinie informiert sowohl \u00fcber die Funktionsweise der Cookies als auch \u00fcber den rechtlichen Rahmen, in dem diese durch Asmodee verwendet werden. Sie erg\u00e4nzt die privacy policy. WAS IST [&hellip;]","og_url":"https:\/\/storelocator.asmodee.com\/de\/cookie-policy\/","og_site_name":"Asmodee Store Locator De","article_modified_time":"2025-02-05T14:37:55+00:00","twitter_card":"summary_large_image","twitter_misc":{"Est. reading time":"7\u00a0Minuten"},"schema":{"@context":"https:\/\/schema.org","@graph":[{"@type":"WebPage","@id":"https:\/\/storelocator.asmodee.com\/de\/cookie-policy\/","url":"https:\/\/storelocator.asmodee.com\/de\/cookie-policy\/","name":"Richtlinien zur Verwendung von Cookies und anderen Trackern - Asmodee Store Locator De","isPartOf":{"@id":"https:\/\/storelocator.asmodee.com\/de\/#website"},"datePublished":"2025-02-05T14:37:38+00:00","dateModified":"2025-02-05T14:37:55+00:00","breadcrumb":{"@id":"https:\/\/storelocator.asmodee.com\/de\/cookie-policy\/#breadcrumb"},"inLanguage":"de","potentialAction":[{"@type":"ReadAction","target":["https:\/\/storelocator.asmodee.com\/de\/cookie-policy\/"]}]},{"@type":"BreadcrumbList","@id":"https:\/\/storelocator.asmodee.com\/de\/cookie-policy\/#breadcrumb","itemListElement":[{"@type":"ListItem","position":1,"name":"Home","item":"https:\/\/storelocator.asmodee.com\/de\/"},{"@type":"ListItem","position":2,"name":"Richtlinien zur Verwendung von Cookies und anderen Trackern"}]},{"@type":"WebSite","@id":"https:\/\/storelocator.asmodee.com\/de\/#website","url":"https:\/\/storelocator.asmodee.com\/de\/","name":"Asmodee Store Locator De","description":"Just another WordPress site","potentialAction":[{"@type":"SearchAction","target":{"@type":"EntryPoint","urlTemplate":"https:\/\/storelocator.asmodee.com\/de\/?s={search_term_string}"},"query-input":{"@type":"PropertyValueSpecification","valueRequired":true,"valueName":"search_term_string"}}],"inLanguage":"de"}]}},"_links":{"self":[{"href":"https:\/\/storelocator.asmodee.com\/de\/wp-json\/wp\/v2\/pages\/13107","targetHints":{"allow":["GET"]}}],"collection":[{"href":"https:\/\/storelocator.asmodee.com\/de\/wp-json\/wp\/v2\/pages"}],"about":[{"href":"https:\/\/storelocator.asmodee.com\/de\/wp-json\/wp\/v2\/types\/page"}],"author":[{"embeddable":true,"href":"https:\/\/storelocator.asmodee.com\/de\/wp-json\/wp\/v2\/users\/1"}],"replies":[{"embeddable":true,"href":"https:\/\/storelocator.asmodee.com\/de\/wp-json\/wp\/v2\/comments?post=13107"}],"version-history":[{"count":1,"href":"https:\/\/storelocator.asmodee.com\/de\/wp-json\/wp\/v2\/pages\/13107\/revisions"}],"predecessor-version":[{"id":19420,"href":"https:\/\/storelocator.asmodee.com\/de\/wp-json\/wp\/v2\/pages\/13107\/revisions\/19420"}],"wp:attachment":[{"href":"https:\/\/storelocator.asmodee.com\/de\/wp-json\/wp\/v2\/media?parent=13107"}],"curies":[{"name":"wp","href":"https:\/\/api.w.org\/{rel}","templated":true}]}}